{"id":61,"date":"2025-08-05T11:54:29","date_gmt":"2025-08-05T09:54:29","guid":{"rendered":"https:\/\/smakapatjust.se\/?page_id=61"},"modified":"2026-03-24T16:02:09","modified_gmt":"2026-03-24T15:02:09","slug":"deltagare","status":"publish","type":"page","link":"https:\/\/smakapatjust.se\/index.php\/program\/deltagare\/","title":{"rendered":"Deltagare 2025"},"content":{"rendered":"<ul class=\"wp-block-latest-posts__list wp-block-latest-posts\"><li><a class=\"wp-block-latest-posts__post-title\" href=\"https:\/\/smakapatjust.se\/index.php\/2025\/09\/14\/antik-siden-i-vraka-salvesen\/\">Antik &amp; Siden i Vr\u00e5ka Salvesen<\/a><div class=\"wp-block-latest-posts__post-excerpt\">Program och aktiviteter under Smaka p\u00e5 Tjust: Vi s\u00e4ljer antika m\u00f6bler, bruksf\u00f6rem\u00e5l fr\u00e5n 1700-talet fram till idag. Handm\u00e5lade sidensjalar och ponchos. Egen tillverkning. F\u00f6rs\u00e4ljningsplats: Vr\u00e5ka E-post: info@salvianna.se Telefonummer: 076-109 99 12 V\u00e4gbeskrivning: Vr\u00e5ka<\/div><\/li>\n<li><a class=\"wp-block-latest-posts__post-title\" href=\"https:\/\/smakapatjust.se\/index.php\/2025\/08\/25\/birgitta-lundberg\/\">Birgitta Lundberg<\/a><div class=\"wp-block-latest-posts__post-excerpt\">Program och aktiviteter under Smaka p\u00e5 Tjust: Grytlappar, spishandduk, virkade djur, sockor och vantar \u2013 allt i egen tillverkning och design av Birgitta Lundberg. F\u00f6rs\u00e4ljningsplats under Smaka p\u00e5 Tjust: Sofias Bod, Hulta Kontaktperson:&nbsp;Birgitta Lundberg \u00d6ppettider under Smaka p\u00e5 Tjust: 10.00\u201316.00 b\u00e5da dagarna. V\u00e4gbeskrivning: Sv\u00e4ng av E22:an mot Hulta, v\u00e4g 909 (\u00e4ven kallad L\u00e5ngr\u00e5dnav\u00e4gen). Efter ca\u2026 <a class=\"wp-block-latest-posts__read-more\" href=\"https:\/\/smakapatjust.se\/index.php\/2025\/08\/25\/birgitta-lundberg\/\" rel=\"noopener noreferrer\">L\u00e4s mer<span class=\"screen-reader-text\">: Birgitta Lundberg<\/span><\/a><\/div><\/li>\n<li><a class=\"wp-block-latest-posts__post-title\" href=\"https:\/\/smakapatjust.se\/index.php\/2025\/09\/05\/birgitta-och-per-inge-nilsson\/\">Birgitta och Per-Inge Nilsson<\/a><div class=\"wp-block-latest-posts__post-excerpt\">Program och aktiviteter under Smaka p\u00e5 Tjust:&nbsp;F\u00f6rs\u00e4ljning av honung, lammskinn, stickat handarbete. Varmt v\u00e4lkomna! F\u00f6rs\u00e4ljningsplats under Smaka p\u00e5 Tjust:&nbsp;vid Mat-torpet Solliden, Odensvi. \u00d6ppettider under Smaka p\u00e5 Tjust:&nbsp;10.00\u201316.00 b\u00e5da dagarna. V\u00e4gbeskrivning:&nbsp;K\u00f6r till Odensvi och f\u00f6lj v\u00e4gskylt Blackstad, sv\u00e4ng v\u00e4nster vid v\u00e4gskylt Tuna och k\u00f6r cirka 2 km. Fr\u00e5n Blackstad, k\u00f6r mot Odensvi cirka 10 km sv\u00e4ng\u2026 <a class=\"wp-block-latest-posts__read-more\" href=\"https:\/\/smakapatjust.se\/index.php\/2025\/09\/05\/birgitta-och-per-inge-nilsson\/\" rel=\"noopener noreferrer\">L\u00e4s mer<span class=\"screen-reader-text\">: Birgitta och Per-Inge Nilsson<\/span><\/a><\/div><\/li>\n<li><a class=\"wp-block-latest-posts__post-title\" href=\"https:\/\/smakapatjust.se\/index.php\/2025\/09\/09\/drangstugans-odlingar\/\">Dr\u00e4ngstugans odlingar<\/a><div class=\"wp-block-latest-posts__post-excerpt\">Program &amp; aktiviteter under Smaka p\u00e5 Tjust: Sj\u00e4lvplockning av blommor. F\u00e5rskinn, \u00e4gg och honung. F\u00f6rs\u00e4ljningsplats under Smaka p\u00e5 Tjust: Degersn\u00e4s Ukna Kontakt: 070-394 08 36 Facebook: Dr\u00e4ngstugans odlingar Verksamhet: Sj\u00e4lvplockning av blommor dahlior mm. F\u00e5rskinn, \u00e4gg och honung V\u00e4gbeskrivning: Ligger 3 km in fr\u00e5n Ukna-Skedshultsv\u00e4gen<\/div><\/li>\n<li><a class=\"wp-block-latest-posts__post-title\" href=\"https:\/\/smakapatjust.se\/index.php\/2025\/09\/03\/emelie-johansson\/\">Ekb\u00e4ckens skogsdunge, Jenny<\/a><div class=\"wp-block-latest-posts__post-excerpt\">Program och aktiviteter under Smaka p\u00e5 Tjust:\u00a0Vi har tagit hobbyodlingen till en h\u00f6gre niv\u00e5 och odlar i en st\u00f6rre skala. Fr\u00e5n b\u00f6rjan var det till sj\u00e4lvf\u00f6rs\u00f6rjning och nu har vi ut\u00f6kat till en mindre f\u00f6rs\u00e4ljning. Vi hoppas kunna inspirerar andra att odla i st\u00f6rre skala och visar p\u00e5 att det inte beh\u00f6ver bli s\u00e5 kostsamt\u2026 <a class=\"wp-block-latest-posts__read-more\" href=\"https:\/\/smakapatjust.se\/index.php\/2025\/09\/03\/emelie-johansson\/\" rel=\"noopener noreferrer\">L\u00e4s mer<span class=\"screen-reader-text\">: Ekb\u00e4ckens skogsdunge, Jenny<\/span><\/a><\/div><\/li>\n<li><a class=\"wp-block-latest-posts__post-title\" href=\"https:\/\/smakapatjust.se\/index.php\/2025\/09\/04\/gront-pa-gardet\/\">Gr\u00f6nt p\u00e5 G\u00e4rdet<\/a><div class=\"wp-block-latest-posts__post-excerpt\">Program och aktiviteter under Smaka p\u00e5 Tjust:&nbsp;Gr\u00f6nt p\u00e5 G\u00e4rdet s\u00e4ljer egenodlade gr\u00f6nsaker och blommor. I butiken finns ocks\u00e5 egna f\u00f6r\u00e4dlade produkter som saft och marmelad, kryddor, bakverk, handgjorda kransar mm. Under \u00e5ret har vi ut\u00f6kat butikens sortiment med ost fr\u00e5n R\u00e4ven &amp; Osten, kravm\u00e4rkt mj\u00f6l fr\u00e5n Orga kvarn, potatis fr\u00e5n Axelssons i Aby och sp\u00e4nnande\u2026 <a class=\"wp-block-latest-posts__read-more\" href=\"https:\/\/smakapatjust.se\/index.php\/2025\/09\/04\/gront-pa-gardet\/\" rel=\"noopener noreferrer\">L\u00e4s mer<span class=\"screen-reader-text\">: Gr\u00f6nt p\u00e5 G\u00e4rdet<\/span><\/a><\/div><\/li>\n<li><a class=\"wp-block-latest-posts__post-title\" href=\"https:\/\/smakapatjust.se\/index.php\/2025\/08\/21\/helgenas-if\/\">Helgen\u00e4s IF<\/a><div class=\"wp-block-latest-posts__post-excerpt\">Program och aktiviteter under Smaka p\u00e5 Tjust: Tr\u00e4ffa Link\u00f6pings Svampklubb som visar svampar och svarar p\u00e5 fr\u00e5gor (endast p\u00e5 l\u00f6rdagen). F\u00f6rs\u00e4ljning av svampsoppa med br\u00f6d. Upplev lokala hantverk \u2013 Linberedning av Lotta Adre och Anita Lundgren. Stickade vantar med mera av Birgitta L\u00f6nn. Tr\u00e4hantverk av Arne Karlsson. Konstutst\u00e4llning med Monika Hellman och Anna Lundgren. Helgen\u00e4s\u2026 <a class=\"wp-block-latest-posts__read-more\" href=\"https:\/\/smakapatjust.se\/index.php\/2025\/08\/21\/helgenas-if\/\" rel=\"noopener noreferrer\">L\u00e4s mer<span class=\"screen-reader-text\">: Helgen\u00e4s IF<\/span><\/a><\/div><\/li>\n<li><a class=\"wp-block-latest-posts__post-title\" href=\"https:\/\/smakapatjust.se\/index.php\/2025\/08\/21\/lena-i-lofta\/\">Lena i Lofta<\/a><div class=\"wp-block-latest-posts__post-excerpt\">Program och aktiviteter under Smaka p\u00e5 Tjust: Hos Lena i Lofta finner ni konst, hantverk och presenter i en h\u00e4rlig blandning av f\u00e4rg och fantasi \u2013 allt i egen tillverkning och design av Lena S\u00f6derstr\u00f6m. Varmt v\u00e4lkomna! F\u00f6rs\u00e4ljningsplats under Smaka p\u00e5 Tjust: Lena i Lofta,Trostad 5, 594 93 Gamleby (vid ladan) \u00d6ppettider under Smaka p\u00e5\u2026 <a class=\"wp-block-latest-posts__read-more\" href=\"https:\/\/smakapatjust.se\/index.php\/2025\/08\/21\/lena-i-lofta\/\" rel=\"noopener noreferrer\">L\u00e4s mer<span class=\"screen-reader-text\">: Lena i Lofta<\/span><\/a><\/div><\/li>\n<li><a class=\"wp-block-latest-posts__post-title\" href=\"https:\/\/smakapatjust.se\/index.php\/2025\/08\/21\/leoo-fisk\/\">Leoo Fisk<\/a><div class=\"wp-block-latest-posts__post-excerpt\">Program och aktiviteter under Smaka p\u00e5 Tjust: F\u00f6rs\u00e4ljning av r\u00f6kt fisk. Varmt v\u00e4lkomna! F\u00f6rs\u00e4ljningsplats under Smaka p\u00e5 Tjust: vid Mat-torpet Solliden, Odensvi. \u00d6ppettider under Smaka p\u00e5 Tjust: 10.00\u201316.00 b\u00e5da dagarna. V\u00e4gbeskrivning: K\u00f6r till Odensvi och f\u00f6lj v\u00e4gskylt Blackstad, sv\u00e4ng v\u00e4nster vid v\u00e4gskylt Tuna och k\u00f6r cirka 2 km. Fr\u00e5n Blackstad, k\u00f6r mot Odensvi cirka 10\u2026 <a class=\"wp-block-latest-posts__read-more\" href=\"https:\/\/smakapatjust.se\/index.php\/2025\/08\/21\/leoo-fisk\/\" rel=\"noopener noreferrer\">L\u00e4s mer<span class=\"screen-reader-text\">: Leoo Fisk<\/span><\/a><\/div><\/li>\n<li><a class=\"wp-block-latest-posts__post-title\" href=\"https:\/\/smakapatjust.se\/index.php\/2025\/08\/21\/lilla-aterbruket\/\">Lilla \u00c5terbruket<\/a><div class=\"wp-block-latest-posts__post-excerpt\">Program och aktiviteter under Smaka p\u00e5 Tjust: I glashyttan tar vi tillvara p\u00e5 uttj\u00e4nat glas och tillverkar nya bruksglas. Hos oss hittar ni bland annat glas, sk\u00e5lar och karaffer. Just denna helg ger vi f\u00f6rslag p\u00e5 dukningar och blomsterarrangemang som passar till mysiga helgmiddagar. F\u00f6rs\u00e4ljningsplats under Smaka p\u00e5 Tjust: Glashyttan Lilla \u00c5terbruket i Vr\u00e5ka \u00d6ppettider\u2026 <a class=\"wp-block-latest-posts__read-more\" href=\"https:\/\/smakapatjust.se\/index.php\/2025\/08\/21\/lilla-aterbruket\/\" rel=\"noopener noreferrer\">L\u00e4s mer<span class=\"screen-reader-text\">: Lilla \u00c5terbruket<\/span><\/a><\/div><\/li>\n<li><a class=\"wp-block-latest-posts__post-title\" href=\"https:\/\/smakapatjust.se\/index.php\/2025\/09\/01\/lindas-tradgard\/\">Lindas Tr\u00e4dg\u00e5rd<\/a><div class=\"wp-block-latest-posts__post-excerpt\">Program och aktiviteter under Smaka p\u00e5 Tjust: V\u00e4lkommen till Lindas Tr\u00e4dg\u00e5rd, en gr\u00f6nskande oas i Segelrum. Vi har ett brett utbud av perenner, buskar, tr\u00e4d, rosor och s\u00e4songsblommor. I v\u00e5r butik i ladan hittar du allt f\u00f6r den tr\u00e4dg\u00e5rdsintresserade men \u00e4ven n\u00e5got till hemmets vr\u00e5 och mycket pynt och dekorationer f\u00f6r den som ska ge\u2026 <a class=\"wp-block-latest-posts__read-more\" href=\"https:\/\/smakapatjust.se\/index.php\/2025\/09\/01\/lindas-tradgard\/\" rel=\"noopener noreferrer\">L\u00e4s mer<span class=\"screen-reader-text\">: Lindas Tr\u00e4dg\u00e5rd<\/span><\/a><\/div><\/li>\n<li><a class=\"wp-block-latest-posts__post-title\" href=\"https:\/\/smakapatjust.se\/index.php\/2025\/09\/01\/mat-torpet-solliden\/\">Mat-torpet Solliden<\/a><div class=\"wp-block-latest-posts__post-excerpt\">Program och aktiviteter under Smaka p\u00e5 Tjust: Kom och bes\u00f6k n\u00e5gra av v\u00e5ra ekologiska utegrisar. Vi visar en del av g\u00e5rdens djur. I g\u00e5rdsbutiken s\u00e4ljer vi g\u00e5rdens fl\u00e4skk\u00f6tt, lammk\u00f6tt, r\u00f6kt chark, korv, salami, \u00e4gg och olika inl\u00e4ggningar och mycket annat gott. G\u00e5rdens potatis s\u00e4ljer vi under helgen. Caf\u00e9\/restaurang med olika sorters lunchr\u00e4tter, v\u00e5fflor, sm\u00f6rg\u00e5sar och\u2026 <a class=\"wp-block-latest-posts__read-more\" href=\"https:\/\/smakapatjust.se\/index.php\/2025\/09\/01\/mat-torpet-solliden\/\" rel=\"noopener noreferrer\">L\u00e4s mer<span class=\"screen-reader-text\">: Mat-torpet Solliden<\/span><\/a><\/div><\/li>\n<li><a class=\"wp-block-latest-posts__post-title\" href=\"https:\/\/smakapatjust.se\/index.php\/2025\/09\/03\/nyhults-goda-hantverk\/\">Nyhults Goda Hantverk<\/a><div class=\"wp-block-latest-posts__post-excerpt\">Program och aktiviteter under Smaka p\u00e5 Tjust:&nbsp;Bakverk, sm\u00f6rg\u00e5sar, l\u00e4ttare lunch, br\u00f6d, keramik, honung, hantverk. Varmt v\u00e4lkomna! F\u00f6rs\u00e4ljningsplats under Smaka p\u00e5 Tjust:&nbsp;Lilla Sp\u00e5nga Nyhult, Ankarsrum \u00d6ppettider under Smaka p\u00e5 Tjust:&nbsp;10.00\u201316.00 b\u00e5da dagarna. V\u00e4gbeskrivning:&nbsp;Lilla Sp\u00e5nga Nyhult, Ankarsrum GPS-koordinater:Latitud: 57,82564N&nbsp;Longitud: 16,27556\u00d6 Kontaktperson:&nbsp;Lovisa och Fredrik Andersson Mobil:&nbsp;070 &#8211; 295-6635 E-post:&nbsp;nyhults@gmail.com Hemsida:&nbsp;x Verksamhet:&nbsp;Bakverk, sm\u00f6rg\u00e5sar, l\u00e4ttare lunch, br\u00f6d, keramik, honung, hantverk.\u2026 <a class=\"wp-block-latest-posts__read-more\" href=\"https:\/\/smakapatjust.se\/index.php\/2025\/09\/03\/nyhults-goda-hantverk\/\" rel=\"noopener noreferrer\">L\u00e4s mer<span class=\"screen-reader-text\">: Nyhults Goda Hantverk<\/span><\/a><\/div><\/li>\n<li><a class=\"wp-block-latest-posts__post-title\" href=\"https:\/\/smakapatjust.se\/index.php\/2025\/09\/19\/roy-thellman\/\">Roy Thellman<\/a><div class=\"wp-block-latest-posts__post-excerpt\">F\u00f6s\u00e4ljningsplats: Gr\u00f6nt p\u00e5 G\u00e4rdet, Sn\u00f6rums g\u00e5rd V\u00e4gbeskrivning: Se Gr\u00f6nt p\u00e5 G\u00e4rdet E-post: green_copy@live.se<\/div><\/li>\n<li><a class=\"wp-block-latest-posts__post-title\" href=\"https:\/\/smakapatjust.se\/index.php\/2025\/09\/01\/skarsmarens-fisk\/\">Sk\u00e4rsmarens Fisk<\/a><div class=\"wp-block-latest-posts__post-excerpt\">Program och aktiviteter under Smaka p\u00e5 Tjust: R\u00f6kt fisk F\u00f6rs\u00e4ljningsplats under Smaka p\u00e5 Tjust: Gr\u00f6nt p\u00e5 G\u00e4rdet, Sn\u00f6rum, Loftahammar \u00d6ppettider under Smaka p\u00e5 Tjust: &#8211; V\u00e4gbeskrivning: &#8211; GPS-koordinater: &#8211; Kontaktperson:&nbsp;Anders Birgersson Mobil: 070-866 23 99 E-post: andersb59@hotmail.se<\/div><\/li>\n<li><a class=\"wp-block-latest-posts__post-title\" href=\"https:\/\/smakapatjust.se\/index.php\/2025\/09\/03\/snorum-bin-och-odlingar\/\">Sn\u00f6rum bin och odlingar<\/a><div class=\"wp-block-latest-posts__post-excerpt\">Program och aktiviteter under Smaka p\u00e5 Tjust: Honung och relaterade tj\u00e4nster och produkter. F\u00f6rs\u00e4ljningsplats under Smaka p\u00e5 Tjust: Magasinet caf\u00e9 i Vr\u00e5ka \u00d6ppettider under Smaka p\u00e5 Tjust: 10.00\u201316.00 b\u00e5da dagarna.V\u00e4gbeskrivning: Vr\u00e5kaKontaktperson:&nbsp;Johan MelinMobil:&nbsp;0708-288598E-post: info@bnp.se Verksamhet: Honung och relaterade tj\u00e4nster och produkter.<\/div><\/li>\n<li><div class=\"wp-block-latest-posts__featured-image alignleft\"><img loading=\"lazy\" decoding=\"async\" width=\"150\" height=\"150\" src=\"https:\/\/smakapatjust.se\/wp-content\/uploads\/2025\/08\/DSC03855_7_sofias_bod-150x150.jpg\" class=\"attachment-thumbnail size-thumbnail wp-post-image\" alt=\"\" style=\"\" \/><\/div><a class=\"wp-block-latest-posts__post-title\" href=\"https:\/\/smakapatjust.se\/index.php\/2025\/08\/18\/sofias-bod\/\">Sofias Bod<\/a><div class=\"wp-block-latest-posts__post-excerpt\">Program och aktiviteter under Smaka p\u00e5 Tjust: Under helgen kommer jag som vanligt s\u00e4lja en h\u00e4rlig blandning av gammalt och nytt, men \u00e4ven goda marmelader, sylt, chutney och med mera. Ute p\u00e5 g\u00e5rden blir det \u00e4ven f\u00f6rs\u00e4ljning av fina betongf\u00f6rem\u00e5l fr\u00e5n RJ\u2019s design, fika och grillad korv med br\u00f6d samt hembakade kakor fr\u00e5n Tallemotorp som\u2026 <a class=\"wp-block-latest-posts__read-more\" href=\"https:\/\/smakapatjust.se\/index.php\/2025\/08\/18\/sofias-bod\/\" rel=\"noopener noreferrer\">L\u00e4s mer<span class=\"screen-reader-text\">: Sofias Bod<\/span><\/a><\/div><\/li>\n<li><a class=\"wp-block-latest-posts__post-title\" href=\"https:\/\/smakapatjust.se\/index.php\/2025\/08\/21\/textilkonst-utgarden\/\">Textilkonst Utg\u00e5rden<\/a><div class=\"wp-block-latest-posts__post-excerpt\">Program och aktiviteter under Smaka p\u00e5 Tjust: F\u00f6rs\u00e4ljning av egenh\u00e4ndigt tovade och sydda textilier s\u00e5som mattor, kuddar, draperier, v\u00e4skor, barnkl\u00e4nningar med mera. Kardad ull.Varmt v\u00e4lkomna! F\u00f6rs\u00e4ljningsplats under Smaka p\u00e5 Tjust: Utg\u00e5rden, Hulthorva. \u00d6ppettider under Smaka p\u00e5 Tjust: 10.00\u201316.00 b\u00e5da dagarna. V\u00e4gbeskrivning: Fr\u00e5n V\u00e4stervik: E22 norrut, avfart Blackstad. Passera Hummelstad. Avfart mot Blackstad. Vid Hummelstad \u2013\u2026 <a class=\"wp-block-latest-posts__read-more\" href=\"https:\/\/smakapatjust.se\/index.php\/2025\/08\/21\/textilkonst-utgarden\/\" rel=\"noopener noreferrer\">L\u00e4s mer<span class=\"screen-reader-text\">: Textilkonst Utg\u00e5rden<\/span><\/a><\/div><\/li>\n<li><div class=\"wp-block-latest-posts__featured-image alignleft\"><img loading=\"lazy\" decoding=\"async\" width=\"150\" height=\"150\" src=\"https:\/\/smakapatjust.se\/wp-content\/uploads\/2025\/08\/maj18-019_tjustad_keramik-150x150.jpg\" class=\"attachment-thumbnail size-thumbnail wp-post-image\" alt=\"\" style=\"\" \/><\/div><a class=\"wp-block-latest-posts__post-title\" href=\"https:\/\/smakapatjust.se\/index.php\/2025\/08\/21\/tjustad-keramik\/\">Tjustad Keramik<\/a><div class=\"wp-block-latest-posts__post-excerpt\">Program och aktiviteter under Smaka p\u00e5 Tjust: Tjustad Keramik har utst\u00e4llning och f\u00f6rs\u00e4ljning av lergodskeramik samt f\u00e5r-och lammskinn. Varmt v\u00e4lkomna! F\u00f6rs\u00e4ljningsplats under Smaka p\u00e5 Tjust: Skedshultv\u00e4gen 14 Ukna (Helens spis &amp; skafferi) \u00d6ppettider under Smaka p\u00e5 Tjust: 10.00\u201316.00 b\u00e5da dagarna. V\u00e4gbeskrivning: K\u00f6r p\u00e5 v\u00e4g E22. N\u00e4r du \u00e4r i h\u00f6jd med Helgen\u00e4s s\u00e5 sv\u00e4nger du\u2026 <a class=\"wp-block-latest-posts__read-more\" href=\"https:\/\/smakapatjust.se\/index.php\/2025\/08\/21\/tjustad-keramik\/\" rel=\"noopener noreferrer\">L\u00e4s mer<span class=\"screen-reader-text\">: Tjustad Keramik<\/span><\/a><\/div><\/li>\n<li><a class=\"wp-block-latest-posts__post-title\" href=\"https:\/\/smakapatjust.se\/index.php\/2025\/08\/21\/tornsfalls-hembygdsforening\/\">T\u00f6rnsfalls Hembygdsf\u00f6rening<\/a><div class=\"wp-block-latest-posts__post-excerpt\">Program och aktiviteter under Smaka p\u00e5 Tjust: F\u00f6rs\u00e4ljning av korv, kaffe och ostkaka. Aff\u00e4ren\u00a0och loppisen \u00f6ppen. Lotterier. Fotoutst\u00e4llning &#8221;f\u00f6rr och nu&#8221;. Konstutst\u00e4llning tavlor av Ernst Leonard. Hantverkare.\u00a0Stickat, virkat och broderat. Havrek\u00e4rvar, honung och prydnadspumpor. Varmt v\u00e4lkomna! F\u00f6rs\u00e4ljningsplats under Smaka p\u00e5 Tjust: Hembygdsg\u00e5rden Sj\u00f6liden, T\u00f6rnsfall \u00d6ppettider under Smaka p\u00e5 Tjust: 10.00\u201316.00 b\u00e5da dagarna. V\u00e4gbeskrivning: Norrg\u00e5ende trafik\u2026 <a class=\"wp-block-latest-posts__read-more\" href=\"https:\/\/smakapatjust.se\/index.php\/2025\/08\/21\/tornsfalls-hembygdsforening\/\" rel=\"noopener noreferrer\">L\u00e4s mer<span class=\"screen-reader-text\">: T\u00f6rnsfalls Hembygdsf\u00f6rening<\/span><\/a><\/div><\/li>\n<li><a class=\"wp-block-latest-posts__post-title\" href=\"https:\/\/smakapatjust.se\/index.php\/2025\/09\/03\/totebo-gard\/\">Totebo G\u00e5rd<\/a><div class=\"wp-block-latest-posts__post-excerpt\">Program och aktiviteter under Smaka p\u00e5 Tjust:&nbsp;G\u00e5rdsbutik N\u00f6tk\u00f6tt, Viltk\u00f6tt (Lammk\u00f6tt) Servering: Gulachsoppa, ostkaka och kaffe. Varmt v\u00e4lkomna! F\u00f6rs\u00e4ljningsplats under Smaka p\u00e5 Tjust:\u00a0Industriv\u00e4gen 2 Totebo (gamla aff\u00e4ren vid macken) \u00d6ppettider under Smaka p\u00e5 Tjust:&nbsp;10.00\u201316.00 b\u00e5da dagarna. V\u00e4gbeskrivning:&nbsp;se karta GPS-koordinater: Kontaktperson:\u00a0Kristin Ottosson Mobil:&nbsp;070 232 9327 E-post:&nbsp;totebogard@hotmail.com Hemsida:&nbsp; Verksamhet:&nbsp;G\u00e5rdsbutik N\u00f6tk\u00f6tt, Viltk\u00f6tt (Lammk\u00f6tt) Servering: Gulachsoppa, ostkaka och kaffe.<\/div><\/li>\n<li><a class=\"wp-block-latest-posts__post-title\" href=\"https:\/\/smakapatjust.se\/index.php\/2025\/08\/21\/ukna-hembygdsforening\/\">Ukna Hembygdsf\u00f6rening<\/a><div class=\"wp-block-latest-posts__post-excerpt\">Program och aktiviteter under Smaka p\u00e5 Tjust: Den 20 september blir det pl\u00f6jning vid Edsg\u00e5rden med veterantraktor. F\u00f6rs\u00e4ljning av hamburgare, korv och kaffe. Varmt v\u00e4lkomna! Den 21 september blir det Visning av Raven\u00e4s. Richard och Magdalena, antikvarier fr\u00e5n Kalmar L\u00e4ns museum medverkar. Visning av byggnaderna och ber\u00e4ttelser om vem som bott p\u00e5 g\u00e5rden. Kaffeservering. Varmt\u2026 <a class=\"wp-block-latest-posts__read-more\" href=\"https:\/\/smakapatjust.se\/index.php\/2025\/08\/21\/ukna-hembygdsforening\/\" rel=\"noopener noreferrer\">L\u00e4s mer<span class=\"screen-reader-text\">: Ukna Hembygdsf\u00f6rening<\/span><\/a><\/div><\/li>\n<li><a class=\"wp-block-latest-posts__post-title\" href=\"https:\/\/smakapatjust.se\/index.php\/2025\/09\/11\/vardshus-2\/\">V\u00e4rdshus 2<\/a><div class=\"wp-block-latest-posts__post-excerpt\">Program och aktiviteter under Smaka p\u00e5 Tjust: F\u00f6rs\u00e4ljning av stenugnsbakat br\u00f6d och bakverk. F\u00f6rs\u00e4ljningsplats: Gr\u00f6nt p\u00e5 G\u00e4rdet, Sn\u00f6rum, Loftahammar. Kontaktperson: Sebastian Liljedahl \u00d6ppet: 10-16 b\u00e5da dagarna. V\u00e4gbeskrivning: se Gr\u00f6nt p\u00e5 G\u00e4rdet. GPS: se Gr\u00f6nt p\u00e5 G\u00e4rdet. Telefon: 073-535 66 49 E-post: seb@vardshuset2.com<\/div><\/li>\n<li><a class=\"wp-block-latest-posts__post-title\" href=\"https:\/\/smakapatjust.se\/index.php\/2025\/09\/03\/majka-edberg\/\">Vr\u00e5ka Askeg\u00e5rden<\/a><div class=\"wp-block-latest-posts__post-excerpt\">Program och aktiviteter under Smaka p\u00e5 Tjust:&nbsp;Jag kommer ha h\u00f6stf\u00e4gring, v\u00e4xter och perenner. Varmt v\u00e4lkomna! F\u00f6rs\u00e4ljningsplats under Smaka p\u00e5 Tjust:&nbsp;Vr\u00e5ka Askeg\u00e5rden 1 \u00d6ppettider under Smaka p\u00e5 Tjust:&nbsp;10.00\u201316.00 b\u00e5da dagarna. V\u00e4gbeskrivning:&nbsp;I Vr\u00e5ka, efter korsningen mot Nocketorp fr\u00e5n Hulta, 100m mot Loftahammar. GPS-koordinater: Lat. 58.00930 N Long. 16.57871 E Kontaktperson:&nbsp;Majka Edberg Mobil: 070-7365667 E-post:&nbsp;majka.edberg@icloud.com Hemsida: Verksamhet:&nbsp;Jag kommer\u2026 <a class=\"wp-block-latest-posts__read-more\" href=\"https:\/\/smakapatjust.se\/index.php\/2025\/09\/03\/majka-edberg\/\" rel=\"noopener noreferrer\">L\u00e4s mer<span class=\"screen-reader-text\">: Vr\u00e5ka Askeg\u00e5rden<\/span><\/a><\/div><\/li>\n<\/ul>","protected":false},"excerpt":{"rendered":"","protected":false},"author":1,"featured_media":0,"parent":40,"menu_order":0,"comment_status":"closed","ping_status":"closed","template":"","meta":{"pgc_sgb_lightbox_settings":"","footnotes":""},"class_list":["post-61","page","type-page","status-publish","hentry"],"_links":{"self":[{"href":"https:\/\/smakapatjust.se\/index.php\/wp-json\/wp\/v2\/pages\/61","targetHints":{"allow":["GET"]}}],"collection":[{"href":"https:\/\/smakapatjust.se\/index.php\/wp-json\/wp\/v2\/pages"}],"about":[{"href":"https:\/\/smakapatjust.se\/index.php\/wp-json\/wp\/v2\/types\/page"}],"author":[{"embeddable":true,"href":"https:\/\/smakapatjust.se\/index.php\/wp-json\/wp\/v2\/users\/1"}],"replies":[{"embeddable":true,"href":"https:\/\/smakapatjust.se\/index.php\/wp-json\/wp\/v2\/comments?post=61"}],"version-history":[{"count":5,"href":"https:\/\/smakapatjust.se\/index.php\/wp-json\/wp\/v2\/pages\/61\/revisions"}],"predecessor-version":[{"id":969,"href":"https:\/\/smakapatjust.se\/index.php\/wp-json\/wp\/v2\/pages\/61\/revisions\/969"}],"up":[{"embeddable":true,"href":"https:\/\/smakapatjust.se\/index.php\/wp-json\/wp\/v2\/pages\/40"}],"wp:attachment":[{"href":"https:\/\/smakapatjust.se\/index.php\/wp-json\/wp\/v2\/media?parent=61"}],"curies":[{"name":"wp","href":"https:\/\/api.w.org\/{rel}","templated":true}]}}